{"id":5,"date":"2015-12-14T04:09:47","date_gmt":"2015-12-14T04:09:47","guid":{"rendered":"http:\/\/theme-fusion.com\/avada\/medical\/?page_id=5"},"modified":"2023-03-18T19:36:13","modified_gmt":"2023-03-18T19:36:13","slug":"home-2","status":"publish","type":"page","link":"https:\/\/www.kigm.eu\/stagingsite\/","title":{"rendered":"KIGM &#8211; Klini\u010dni in\u0161titut za genomsko medicino"},"content":{"rendered":"<p><div class=\"fusion-fullwidth fullwidth-box fusion-builder-row-1 fusion-flex-container has-pattern-background has-mask-background nonhundred-percent-fullwidth non-hundred-percent-height-scrolling\" style=\"--awb-border-radius-top-left:0px;--awb-border-radius-top-right:0px;--awb-border-radius-bottom-right:0px;--awb-border-radius-bottom-left:0px;--awb-flex-wrap:wrap;\" ><div class=\"fusion-builder-row fusion-row fusion-flex-align-items-flex-start fusion-flex-content-wrap\" style=\"max-width:1300px;margin-left: calc(-4% \/ 2 );margin-right: calc(-4% \/ 2 );\"><div class=\"fusion-layout-column fusion_builder_column fusion-builder-column-0 fusion_builder_column_1_1 1_1 fusion-flex-column\" style=\"--awb-padding-top:30px;--awb-bg-color:#ffffff;--awb-bg-color-hover:#ffffff;--awb-bg-size:cover;--awb-width-large:100%;--awb-margin-top-large:0px;--awb-spacing-right-large:1.92%;--awb-margin-bottom-large:20px;--awb-spacing-left-large:1.92%;--awb-width-medium:100%;--awb-order-medium:0;--awb-spacing-right-medium:1.92%;--awb-spacing-left-medium:1.92%;--awb-width-small:100%;--awb-order-small:0;--awb-spacing-right-small:1.92%;--awb-spacing-left-small:1.92%;\"><div class=\"fusion-column-wrapper fusion-column-has-shadow fusion-flex-justify-content-flex-start fusion-content-layout-column\"><div class=\"fusion-text fusion-text-1\"><p style=\"font-size: 3.5rem; color: #000;\"><span style=\"color: #36357d;\">Zagotavljanje vrhunske <span style=\"text-decoration: underline;\">genetske diagnostike in informiranja<\/span> o genetsko pogojenih boleznih ter <span style=\"text-decoration: underline;\">celostne<\/span>, <span style=\"text-decoration: underline;\">personalizirane<\/span> medicine z ekipo <span style=\"text-decoration: underline;\">vrhunskih strokovnjakov<\/span> danes.<\/span><\/p>\n<\/div><\/div><\/div><\/div><\/div><div class=\"fusion-fullwidth fullwidth-box fusion-builder-row-2 has-pattern-background has-mask-background fusion-parallax-fixed nonhundred-percent-fullwidth non-hundred-percent-height-scrolling fusion-equal-height-columns\" style=\"--awb-border-sizes-top:0px;--awb-border-sizes-bottom:0px;--awb-border-sizes-left:0px;--awb-border-sizes-right:0px;--awb-border-radius-top-left:0px;--awb-border-radius-top-right:0px;--awb-border-radius-bottom-right:0px;--awb-border-radius-bottom-left:0px;--awb-padding-top:10%;--awb-padding-right:10%;--awb-padding-bottom:10%;--awb-padding-left:10%;--awb-background-image:url(&quot;https:\/\/www.kigm.eu\/stagingsite\/wp-content\/uploads\/2018\/05\/gen-research.jpg&quot;);--awb-background-size:cover;--awb-flex-wrap:wrap;background-attachment:fixed;\" ><div class=\"fusion-builder-row fusion-row\"><div class=\"fusion-layout-column fusion_builder_column fusion-builder-column-1 fusion_builder_column_1_1 1_1 fusion-one-full fusion-column-first fusion-column-last\" style=\"--awb-padding-top:5%;--awb-padding-right:0px;--awb-padding-bottom:5%;--awb-padding-left:0px;--awb-bg-color:rgba(59,175,191,0);--awb-bg-color-hover:rgba(59,175,191,0);--awb-bg-position:center center;--awb-bg-size:cover;--awb-margin-bottom:0px;\"><div class=\"fusion-column-wrapper fusion-flex-column-wrapper-legacy\"><div class=\"fusion-column-content-centered\"><div class=\"fusion-column-content\"><\/div><\/div><div class=\"fusion-clearfix\"><\/div><\/div><\/div><\/div><\/div><div class=\"fusion-fullwidth fullwidth-box fusion-builder-row-3 has-pattern-background has-mask-background nonhundred-percent-fullwidth non-hundred-percent-height-scrolling fusion-equal-height-columns\" style=\"--awb-background-position:left top;--awb-border-sizes-top:0px;--awb-border-sizes-bottom:0px;--awb-border-sizes-left:0px;--awb-border-sizes-right:0px;--awb-border-radius-top-left:0px;--awb-border-radius-top-right:0px;--awb-border-radius-bottom-right:0px;--awb-border-radius-bottom-left:0px;--awb-padding-right:10%;--awb-padding-left:10%;--awb-background-color:#ffffff;--awb-flex-wrap:wrap;\" ><div class=\"fusion-builder-row fusion-row\"><div class=\"fusion-layout-column fusion_builder_column fusion-builder-column-2 fusion_builder_column_1_1 1_1 fusion-one-full fusion-column-first fusion-column-last\" style=\"--awb-padding-top:1%;--awb-padding-right:0px;--awb-padding-bottom:0px;--awb-padding-left:0px;--awb-bg-color:#ffffff;--awb-bg-color-hover:#ffffff;--awb-bg-position:center center;--awb-bg-size:cover;--awb-margin-bottom:0px;\"><div class=\"fusion-column-wrapper fusion-column-has-shadow fusion-flex-column-wrapper-legacy\"><div class=\"fusion-column-content-centered\"><div class=\"fusion-column-content\"><div class=\"fusion-text fusion-text-2 fusion-text-no-margin\" style=\"--awb-margin-top:1%;--awb-margin-bottom:1%;\"><h3 style=\"font-weight: bold; color: #36357d; text-align: left;\">NARO\u010cANJE<\/h3>\n<\/div><div class=\"fusion-sep-clear\"><\/div><div class=\"fusion-separator fusion-clearfix\" style=\"float:left;margin-top:0px;margin-bottom:1.5%;width:100%;max-width:250px;\"><div class=\"fusion-separator-border sep-single sep-solid\" style=\"--awb-height:20px;--awb-amount:20px;--awb-sep-color:#36357d;border-color:#36357d;border-top-width:2px;\"><\/div><\/div><div class=\"fusion-sep-clear\"><\/div><div class=\"fusion-text fusion-text-3\"><p><span style=\"color: #000000;\">Ambulanta Klini\u010dnega in\u0161tituta za genomsko medicino se nahaja v \u010detrtem nadstropju Porodni\u0161nice v Ljubljani (soba F9). V njej vas bo prijazno sprejelo na\u0161e zdravstveno osebje, ki bo uredilo vse potrebno za pregled oziroma posvet pri specialistu klini\u010dne genetike.<\/span><\/p>\n<p><span style=\"font-weight: 400; color: #36357d;\"><b>Ordinacijski \u010das ambulante<\/b><\/span><\/p>\n<p><span style=\"color: #000000;\"><span style=\"color: #36357d;\">\u00a0\u00a0\u00a0 <strong>PON<\/strong>\u00a0 \u00a0<\/span> \u00a0 \u00a0 8.00 &#8211; 18.00<br \/>\n<\/span><span style=\"color: #000000;\"><strong><span style=\"color: #36357d;\">TOR-PET<\/span><\/strong> \u00a0 \u00a0 8.00 &#8211; 14.00<\/span><\/p>\n<\/div><div class=\"fusion-sep-clear\"><\/div><div class=\"fusion-separator fusion-full-width-sep\" style=\"margin-left: auto;margin-right: auto;margin-top:15px;margin-bottom:20px;width:100%;\"><\/div><div class=\"fusion-sep-clear\"><\/div><div class=\"fusion-sep-clear\"><\/div><div class=\"fusion-separator fusion-full-width-sep\" style=\"margin-left: auto;margin-right: auto;margin-top:30px;width:100%;\"><\/div><div class=\"fusion-sep-clear\"><\/div><\/div><\/div><div class=\"fusion-clearfix\"><\/div><\/div><\/div><\/div><\/div><\/p>\n","protected":false},"excerpt":{"rendered":"","protected":false},"author":1,"featured_media":0,"parent":0,"menu_order":0,"comment_status":"closed","ping_status":"closed","template":"100-width.php","meta":{"footnotes":""},"class_list":["post-5","page","type-page","status-publish","hentry"],"yoast_head":"<!-- This site is optimized with the Yoast SEO plugin v20.13 - https:\/\/yoast.com\/wordpress\/plugins\/seo\/ -->\n<title>KIGM - Klini\u010dni in\u0161titut za genomsko medicino - KIGM<\/title>\n<meta name=\"robots\" content=\"index, follow, max-snippet:-1, max-image-preview:large, max-video-preview:-1\" \/>\n<link rel=\"canonical\" href=\"https:\/\/www.kigm.eu\/stagingsite\/\" \/>\n<meta property=\"og:locale\" content=\"sl_SI\" \/>\n<meta property=\"og:type\" content=\"article\" \/>\n<meta property=\"og:title\" content=\"KIGM - Klini\u010dni in\u0161titut za genomsko medicino - KIGM\" \/>\n<meta property=\"og:url\" content=\"https:\/\/www.kigm.eu\/stagingsite\/\" \/>\n<meta property=\"og:site_name\" content=\"KIGM\" \/>\n<meta property=\"article:modified_time\" content=\"2023-03-18T19:36:13+00:00\" \/>\n<meta name=\"twitter:card\" content=\"summary_large_image\" \/>\n<meta name=\"twitter:label1\" content=\"Est. reading time\" \/>\n\t<meta name=\"twitter:data1\" content=\"5 minut\" \/>\n<script type=\"application\/ld+json\" class=\"yoast-schema-graph\">{\"@context\":\"https:\/\/schema.org\",\"@graph\":[{\"@type\":\"WebPage\",\"@id\":\"https:\/\/www.kigm.eu\/stagingsite\/\",\"url\":\"https:\/\/www.kigm.eu\/stagingsite\/\",\"name\":\"KIGM - Klini\u010dni in\u0161titut za genomsko medicino - KIGM\",\"isPartOf\":{\"@id\":\"https:\/\/www.kigm.eu\/stagingsite\/#website\"},\"datePublished\":\"2015-12-14T04:09:47+00:00\",\"dateModified\":\"2023-03-18T19:36:13+00:00\",\"breadcrumb\":{\"@id\":\"https:\/\/www.kigm.eu\/stagingsite\/#breadcrumb\"},\"inLanguage\":\"sl-SI\",\"potentialAction\":[{\"@type\":\"ReadAction\",\"target\":[\"https:\/\/www.kigm.eu\/stagingsite\/\"]}]},{\"@type\":\"BreadcrumbList\",\"@id\":\"https:\/\/www.kigm.eu\/stagingsite\/#breadcrumb\",\"itemListElement\":[{\"@type\":\"ListItem\",\"position\":1,\"name\":\"Home\",\"item\":\"https:\/\/www.kigm.eu\/stagingsite\/\"},{\"@type\":\"ListItem\",\"position\":2,\"name\":\"KIGM &#8211; Klini\u010dni in\u0161titut za genomsko medicino\"}]},{\"@type\":\"WebSite\",\"@id\":\"https:\/\/www.kigm.eu\/stagingsite\/#website\",\"url\":\"https:\/\/www.kigm.eu\/stagingsite\/\",\"name\":\"KIGM\",\"description\":\"Klini\u010dni in\u0161titut za genomsko medicino UKC LJ\",\"potentialAction\":[{\"@type\":\"SearchAction\",\"target\":{\"@type\":\"EntryPoint\",\"urlTemplate\":\"https:\/\/www.kigm.eu\/stagingsite\/?s={search_term_string}\"},\"query-input\":\"required name=search_term_string\"}],\"inLanguage\":\"sl-SI\"}]}<\/script>\n<!-- \/ Yoast SEO plugin. -->","yoast_head_json":{"title":"KIGM - Klini\u010dni in\u0161titut za genomsko medicino - KIGM","robots":{"index":"index","follow":"follow","max-snippet":"max-snippet:-1","max-image-preview":"max-image-preview:large","max-video-preview":"max-video-preview:-1"},"canonical":"https:\/\/www.kigm.eu\/stagingsite\/","og_locale":"sl_SI","og_type":"article","og_title":"KIGM - Klini\u010dni in\u0161titut za genomsko medicino - KIGM","og_url":"https:\/\/www.kigm.eu\/stagingsite\/","og_site_name":"KIGM","article_modified_time":"2023-03-18T19:36:13+00:00","twitter_card":"summary_large_image","twitter_misc":{"Est. reading time":"5 minut"},"schema":{"@context":"https:\/\/schema.org","@graph":[{"@type":"WebPage","@id":"https:\/\/www.kigm.eu\/stagingsite\/","url":"https:\/\/www.kigm.eu\/stagingsite\/","name":"KIGM - Klini\u010dni in\u0161titut za genomsko medicino - KIGM","isPartOf":{"@id":"https:\/\/www.kigm.eu\/stagingsite\/#website"},"datePublished":"2015-12-14T04:09:47+00:00","dateModified":"2023-03-18T19:36:13+00:00","breadcrumb":{"@id":"https:\/\/www.kigm.eu\/stagingsite\/#breadcrumb"},"inLanguage":"sl-SI","potentialAction":[{"@type":"ReadAction","target":["https:\/\/www.kigm.eu\/stagingsite\/"]}]},{"@type":"BreadcrumbList","@id":"https:\/\/www.kigm.eu\/stagingsite\/#breadcrumb","itemListElement":[{"@type":"ListItem","position":1,"name":"Home","item":"https:\/\/www.kigm.eu\/stagingsite\/"},{"@type":"ListItem","position":2,"name":"KIGM &#8211; Klini\u010dni in\u0161titut za genomsko medicino"}]},{"@type":"WebSite","@id":"https:\/\/www.kigm.eu\/stagingsite\/#website","url":"https:\/\/www.kigm.eu\/stagingsite\/","name":"KIGM","description":"Klini\u010dni in\u0161titut za genomsko medicino UKC LJ","potentialAction":[{"@type":"SearchAction","target":{"@type":"EntryPoint","urlTemplate":"https:\/\/www.kigm.eu\/stagingsite\/?s={search_term_string}"},"query-input":"required name=search_term_string"}],"inLanguage":"sl-SI"}]}},"_links":{"self":[{"href":"https:\/\/www.kigm.eu\/stagingsite\/wp-json\/wp\/v2\/pages\/5"}],"collection":[{"href":"https:\/\/www.kigm.eu\/stagingsite\/wp-json\/wp\/v2\/pages"}],"about":[{"href":"https:\/\/www.kigm.eu\/stagingsite\/wp-json\/wp\/v2\/types\/page"}],"author":[{"embeddable":true,"href":"https:\/\/www.kigm.eu\/stagingsite\/wp-json\/wp\/v2\/users\/1"}],"replies":[{"embeddable":true,"href":"https:\/\/www.kigm.eu\/stagingsite\/wp-json\/wp\/v2\/comments?post=5"}],"version-history":[{"count":78,"href":"https:\/\/www.kigm.eu\/stagingsite\/wp-json\/wp\/v2\/pages\/5\/revisions"}],"predecessor-version":[{"id":2206,"href":"https:\/\/www.kigm.eu\/stagingsite\/wp-json\/wp\/v2\/pages\/5\/revisions\/2206"}],"wp:attachment":[{"href":"https:\/\/www.kigm.eu\/stagingsite\/wp-json\/wp\/v2\/media?parent=5"}],"curies":[{"name":"wp","href":"https:\/\/api.w.org\/{rel}","templated":true}]}}